{"id":5600,"date":"2023-11-22T02:20:13","date_gmt":"2023-11-22T01:20:13","guid":{"rendered":"https:\/\/fya31.com\/?page_id=5600"},"modified":"2024-05-08T07:09:29","modified_gmt":"2024-05-08T05:09:29","slug":"home","status":"publish","type":"page","link":"https:\/\/fya31.com\/","title":{"rendered":"Home"},"content":{"rendered":"\t\t<div data-elementor-type=\"wp-page\" data-elementor-id=\"5600\" class=\"elementor elementor-5600\" data-elementor-post-type=\"page\">\n\t\t\t\t<div class=\"elementor-element elementor-element-1fb445f e-flex e-con-boxed e-con e-parent\" data-id=\"1fb445f\" data-element_type=\"container\">\n\t\t\t\t\t<div class=\"e-con-inner\">\n\t\t<div class=\"elementor-element elementor-element-8bfbc89 e-flex e-con-boxed e-con e-child\" data-id=\"8bfbc89\" data-element_type=\"container\">\n\t\t\t\t\t<div class=\"e-con-inner\">\n\t\t\t\t<div class=\"elementor-element elementor-element-0abc140 elementor-widget elementor-widget-image\" data-id=\"0abc140\" data-element_type=\"widget\" data-widget_type=\"image.default\">\n\t\t\t\t<div class=\"elementor-widget-container\">\n\t\t\t\t\t\t\t\t\t\t\t\t\t\t\t<img fetchpriority=\"high\" decoding=\"async\" width=\"800\" height=\"600\" src=\"https:\/\/fya31.com\/wp-content\/uploads\/2023\/09\/123238225_3221528154626239_3946137887464871084_n.jpg\" class=\"attachment-large size-large wp-image-5475\" alt=\"\" srcset=\"https:\/\/fya31.com\/wp-content\/uploads\/2023\/09\/123238225_3221528154626239_3946137887464871084_n.jpg 960w, https:\/\/fya31.com\/wp-content\/uploads\/2023\/09\/123238225_3221528154626239_3946137887464871084_n-300x225.jpg 300w, https:\/\/fya31.com\/wp-content\/uploads\/2023\/09\/123238225_3221528154626239_3946137887464871084_n-768x576.jpg 768w\" sizes=\"(max-width: 800px) 100vw, 800px\" \/>\t\t\t\t\t\t\t\t\t\t\t\t\t\t\t<\/div>\n\t\t\t\t<\/div>\n\t\t\t\t\t<\/div>\n\t\t\t\t<\/div>\n\t\t<div class=\"elementor-element elementor-element-0547605 e-flex e-con-boxed e-con e-child\" data-id=\"0547605\" data-element_type=\"container\">\n\t\t\t\t\t<div class=\"e-con-inner\">\n\t\t\t\t<div class=\"elementor-element elementor-element-44c89ba elementor-widget elementor-widget-heading\" data-id=\"44c89ba\" data-element_type=\"widget\" data-widget_type=\"heading.default\">\n\t\t\t\t<div class=\"elementor-widget-container\">\n\t\t\t\t\t<h2 class=\"elementor-heading-title elementor-size-default\">Fe y Alegr\u00eda 31<\/h2>\t\t\t\t<\/div>\n\t\t\t\t<\/div>\n\t\t\t\t<div class=\"elementor-element elementor-element-9dd89b9 elementor-widget elementor-widget-text-editor\" data-id=\"9dd89b9\" data-element_type=\"widget\" data-widget_type=\"text-editor.default\">\n\t\t\t\t<div class=\"elementor-widget-container\">\n\t\t\t\t\t\t\t\t\t<p>Fe y Alegr\u00eda es un movimiento de educaci\u00f3n popular y promoci\u00f3n social, comprometida con la construcci\u00f3n de una sociedad justa y solidaria, desde una opci\u00f3n preferencial por las personas y comunidades m\u00e1s vulnerables, a trav\u00e9s de una propuesta educativa transformadora, integral y de calidad para la educaci\u00f3n p\u00fablica. Se fundamenta e inspira en Jesucristo y en los valores que encarna su estilo de vida.<\/p>\t\t\t\t\t\t\t\t<\/div>\n\t\t\t\t<\/div>\n\t\t\t\t<div class=\"elementor-element elementor-element-b055061 elementor-widget elementor-widget-text-editor\" data-id=\"b055061\" data-element_type=\"widget\" data-widget_type=\"text-editor.default\">\n\t\t\t\t<div class=\"elementor-widget-container\">\n\t\t\t\t\t\t\t\t\t<p>La I.E. &#8220;Nuestra Se\u00f1ora de Guadalupe&#8221; Fe y Alegr\u00eda 31 de La Peca es una sede innovaci\u00f3n, los docentes se han comprometido con implementar herramientas tecnol\u00f3gicas actuales en el proceso de ense\u00f1anza-aprendizaje, adem\u00e1s, en su b\u00fasqueda de formar ciudadanos plenos, incluye en sus instrumentos de gesti\u00f3n problem\u00e1ticas a las cuales la comunidad se enfrenta diariamente.<\/p>\t\t\t\t\t\t\t\t<\/div>\n\t\t\t\t<\/div>\n\t\t\t\t\t<\/div>\n\t\t\t\t<\/div>\n\t\t\t\t\t<\/div>\n\t\t\t\t<\/div>\n\t\t<div class=\"elementor-element elementor-element-82b69b0 e-flex e-con-boxed e-con e-parent\" data-id=\"82b69b0\" data-element_type=\"container\">\n\t\t\t\t\t<div class=\"e-con-inner\">\n\t\t\t\t<div class=\"elementor-element elementor-element-b7dffef elementor-headline--style-rotate elementor-widget elementor-widget-animated-headline\" data-id=\"b7dffef\" data-element_type=\"widget\" data-settings=\"{&quot;headline_style&quot;:&quot;rotate&quot;,&quot;rotating_text&quot;:&quot;#SomosFeyAlegr\\u00eda\\u200b&quot;,&quot;rotate_iteration_delay&quot;:2000,&quot;animation_type&quot;:&quot;typing&quot;,&quot;loop&quot;:&quot;yes&quot;}\" data-widget_type=\"animated-headline.default\">\n\t\t\t\t<div class=\"elementor-widget-container\">\n\t\t\t\t\t\t\t<h2 class=\"elementor-headline elementor-headline-animation-type-typing elementor-headline-letters\">\n\t\t\t\t<span class=\"elementor-headline-dynamic-wrapper elementor-headline-text-wrapper\">\n\t\t\t\t\t<span class=\"elementor-headline-dynamic-text elementor-headline-text-active\">\n\t\t\t\t#SomosFeyAlegr\u00eda\u200b\t\t\t<\/span>\n\t\t\t\t\t\t<\/span>\n\t\t\t\t<\/h2>\n\t\t\t\t\t\t<\/div>\n\t\t\t\t<\/div>\n\t\t\t\t\t<\/div>\n\t\t\t\t<\/div>\n\t\t<div class=\"elementor-element elementor-element-857ab83 e-con-full e-flex e-con e-parent\" data-id=\"857ab83\" data-element_type=\"container\">\n\t\t\t\t<div class=\"elementor-element elementor-element-210973a elementor-widget elementor-widget-heading\" data-id=\"210973a\" data-element_type=\"widget\" data-widget_type=\"heading.default\">\n\t\t\t\t<div class=\"elementor-widget-container\">\n\t\t\t\t\t<h3 class=\"elementor-heading-title elementor-size-default\">Ejes del Trabajo para la Transformaci\u00f3n Social<\/h3>\t\t\t\t<\/div>\n\t\t\t\t<\/div>\n\t\t<div class=\"elementor-element elementor-element-46639e0 e-con-full e-flex e-con e-child\" data-id=\"46639e0\" data-element_type=\"container\">\n\t\t<div class=\"elementor-element elementor-element-0e72ff7 e-con-full e-flex e-con e-child\" data-id=\"0e72ff7\" data-element_type=\"container\" data-settings=\"{&quot;background_background&quot;:&quot;classic&quot;}\">\n\t\t<div class=\"elementor-element elementor-element-7a3e4c7 e-flex e-con-boxed e-con e-child\" data-id=\"7a3e4c7\" data-element_type=\"container\">\n\t\t\t\t\t<div class=\"e-con-inner\">\n\t\t\t\t<div class=\"elementor-element elementor-element-a34ab99 elementor-widget elementor-widget-heading\" data-id=\"a34ab99\" data-element_type=\"widget\" data-widget_type=\"heading.default\">\n\t\t\t\t<div class=\"elementor-widget-container\">\n\t\t\t\t\t<h4 class=\"elementor-heading-title elementor-size-small\">Identidad y Misi\u00f3n<\/h4>\t\t\t\t<\/div>\n\t\t\t\t<\/div>\n\t\t\t\t\t<\/div>\n\t\t\t\t<\/div>\n\t\t<div class=\"elementor-element elementor-element-a413bc4 e-flex e-con-boxed e-con e-child\" data-id=\"a413bc4\" data-element_type=\"container\">\n\t\t\t\t\t<div class=\"e-con-inner\">\n\t\t\t\t<div class=\"elementor-element elementor-element-1e89b9b elementor-widget elementor-widget-image\" data-id=\"1e89b9b\" data-element_type=\"widget\" data-widget_type=\"image.default\">\n\t\t\t\t<div class=\"elementor-widget-container\">\n\t\t\t\t\t\t\t\t\t\t\t\t\t\t\t<img decoding=\"async\" src=\"https:\/\/fya31.com\/wp-content\/uploads\/elementor\/thumbs\/1-qde4lx1gsjwnro1vzqut9xcncx6sqwtb13mtw09vfg.png\" title=\"1\" alt=\"1\" loading=\"lazy\" \/>\t\t\t\t\t\t\t\t\t\t\t\t\t\t\t<\/div>\n\t\t\t\t<\/div>\n\t\t\t\t\t<\/div>\n\t\t\t\t<\/div>\n\t\t\t\t<\/div>\n\t\t<div class=\"elementor-element elementor-element-b804572 e-con-full e-flex e-con e-child\" data-id=\"b804572\" data-element_type=\"container\" data-settings=\"{&quot;background_background&quot;:&quot;classic&quot;}\">\n\t\t<div class=\"elementor-element elementor-element-f23b961 e-flex e-con-boxed e-con e-child\" data-id=\"f23b961\" data-element_type=\"container\">\n\t\t\t\t\t<div class=\"e-con-inner\">\n\t\t\t\t<div class=\"elementor-element elementor-element-cee0c49 elementor-widget elementor-widget-heading\" data-id=\"cee0c49\" data-element_type=\"widget\" data-widget_type=\"heading.default\">\n\t\t\t\t<div class=\"elementor-widget-container\">\n\t\t\t\t\t<h4 class=\"elementor-heading-title elementor-size-small\">Propuesta Educativa de Calidad<\/h4>\t\t\t\t<\/div>\n\t\t\t\t<\/div>\n\t\t\t\t\t<\/div>\n\t\t\t\t<\/div>\n\t\t<div class=\"elementor-element elementor-element-96d7b4b e-flex e-con-boxed e-con e-child\" data-id=\"96d7b4b\" data-element_type=\"container\">\n\t\t\t\t\t<div class=\"e-con-inner\">\n\t\t\t\t<div class=\"elementor-element elementor-element-218b42a elementor-widget elementor-widget-image\" data-id=\"218b42a\" data-element_type=\"widget\" data-widget_type=\"image.default\">\n\t\t\t\t<div class=\"elementor-widget-container\">\n\t\t\t\t\t\t\t\t\t\t\t\t\t\t\t<img decoding=\"async\" src=\"https:\/\/fya31.com\/wp-content\/uploads\/elementor\/thumbs\/2-qde3lpbbhcbyginmglb9pkcbfhop6q1lpusd97yx5o.png\" title=\"2\" alt=\"2\" loading=\"lazy\" \/>\t\t\t\t\t\t\t\t\t\t\t\t\t\t\t<\/div>\n\t\t\t\t<\/div>\n\t\t\t\t\t<\/div>\n\t\t\t\t<\/div>\n\t\t\t\t<\/div>\n\t\t<div class=\"elementor-element elementor-element-93d000c e-con-full e-flex e-con e-child\" data-id=\"93d000c\" data-element_type=\"container\" data-settings=\"{&quot;background_background&quot;:&quot;classic&quot;}\">\n\t\t<div class=\"elementor-element elementor-element-7a7782c e-flex e-con-boxed e-con e-child\" data-id=\"7a7782c\" data-element_type=\"container\">\n\t\t\t\t\t<div class=\"e-con-inner\">\n\t\t\t\t<div class=\"elementor-element elementor-element-886260f elementor-widget elementor-widget-heading\" data-id=\"886260f\" data-element_type=\"widget\" data-widget_type=\"heading.default\">\n\t\t\t\t<div class=\"elementor-widget-container\">\n\t\t\t\t\t<h4 class=\"elementor-heading-title elementor-size-small\">Innovaci\u00f3n Pedag\u00f3gica<\/h4>\t\t\t\t<\/div>\n\t\t\t\t<\/div>\n\t\t\t\t\t<\/div>\n\t\t\t\t<\/div>\n\t\t<div class=\"elementor-element elementor-element-2872ab2 e-flex e-con-boxed e-con e-child\" data-id=\"2872ab2\" data-element_type=\"container\">\n\t\t\t\t\t<div class=\"e-con-inner\">\n\t\t\t\t<div class=\"elementor-element elementor-element-3955624 elementor-widget elementor-widget-image\" data-id=\"3955624\" data-element_type=\"widget\" data-widget_type=\"image.default\">\n\t\t\t\t<div class=\"elementor-widget-container\">\n\t\t\t\t\t\t\t\t\t\t\t\t\t\t\t<img decoding=\"async\" src=\"https:\/\/fya31.com\/wp-content\/uploads\/elementor\/thumbs\/3-qde55ahpnmff2bwsv4bzo1co4tp5ebq50zp3zbjr6k.png\" title=\"3\" alt=\"3\" loading=\"lazy\" \/>\t\t\t\t\t\t\t\t\t\t\t\t\t\t\t<\/div>\n\t\t\t\t<\/div>\n\t\t\t\t\t<\/div>\n\t\t\t\t<\/div>\n\t\t\t\t<\/div>\n\t\t<div class=\"elementor-element elementor-element-549453a e-con-full e-flex e-con e-child\" data-id=\"549453a\" data-element_type=\"container\" data-settings=\"{&quot;background_background&quot;:&quot;classic&quot;}\">\n\t\t<div class=\"elementor-element elementor-element-12db3b2 e-flex e-con-boxed e-con e-child\" data-id=\"12db3b2\" data-element_type=\"container\">\n\t\t\t\t\t<div class=\"e-con-inner\">\n\t\t\t\t<div class=\"elementor-element elementor-element-1e6e3a5 elementor-widget elementor-widget-heading\" data-id=\"1e6e3a5\" data-element_type=\"widget\" data-widget_type=\"heading.default\">\n\t\t\t\t<div class=\"elementor-widget-container\">\n\t\t\t\t\t<h4 class=\"elementor-heading-title elementor-size-small\">Incidencia para el Cambio Social<\/h4>\t\t\t\t<\/div>\n\t\t\t\t<\/div>\n\t\t\t\t\t<\/div>\n\t\t\t\t<\/div>\n\t\t<div class=\"elementor-element elementor-element-cd62a5b e-flex e-con-boxed e-con e-child\" data-id=\"cd62a5b\" data-element_type=\"container\">\n\t\t\t\t\t<div class=\"e-con-inner\">\n\t\t\t\t<div class=\"elementor-element elementor-element-e51af95 elementor-widget elementor-widget-image\" data-id=\"e51af95\" data-element_type=\"widget\" data-widget_type=\"image.default\">\n\t\t\t\t<div class=\"elementor-widget-container\">\n\t\t\t\t\t\t\t\t\t\t\t\t\t\t\t<img decoding=\"async\" src=\"https:\/\/fya31.com\/wp-content\/uploads\/elementor\/thumbs\/4-qde55w400t90hd1ecvoerdw9soqlbd3yrypa0onp7g.png\" title=\"4\" alt=\"4\" loading=\"lazy\" \/>\t\t\t\t\t\t\t\t\t\t\t\t\t\t\t<\/div>\n\t\t\t\t<\/div>\n\t\t\t\t\t<\/div>\n\t\t\t\t<\/div>\n\t\t\t\t<\/div>\n\t\t\t\t<\/div>\n\t\t\t\t<\/div>\n\t\t<div class=\"elementor-element elementor-element-0968847 e-flex e-con-boxed e-con e-parent\" data-id=\"0968847\" data-element_type=\"container\">\n\t\t\t\t\t<div class=\"e-con-inner\">\n\t\t\t\t<div class=\"elementor-element elementor-element-ebd24b2 elementor-widget elementor-widget-heading\" data-id=\"ebd24b2\" data-element_type=\"widget\" data-widget_type=\"heading.default\">\n\t\t\t\t<div class=\"elementor-widget-container\">\n\t\t\t\t\t<h2 class=\"elementor-heading-title elementor-size-default\">Actividades institucionales<\/h2>\t\t\t\t<\/div>\n\t\t\t\t<\/div>\n\t\t\t\t\t<\/div>\n\t\t\t\t<\/div>\n\t\t<div class=\"elementor-element elementor-element-987742a e-flex e-con-boxed e-con e-parent\" data-id=\"987742a\" data-element_type=\"container\">\n\t\t\t\t\t<div class=\"e-con-inner\">\n\t\t\t\t<div class=\"elementor-element elementor-element-2173a10 elementor-widget__width-initial elementor-widget elementor-widget-html\" data-id=\"2173a10\" data-element_type=\"widget\" data-widget_type=\"html.default\">\n\t\t\t\t<div class=\"elementor-widget-container\">\n\t\t\t\t\t<iframe src=\"https:\/\/calendar.google.com\/calendar\/embed?height=600&wkst=1&ctz=America%2FLima&bgcolor=%23ffffff&showTitle=0&showPrint=0&showCalendars=0&showTz=0&src=Y185OGMyYTk1OTY0MzgzZThhMWZmZGFmZjZmYjFmYTQ2NGQwMDM4ODYxNzAzNzUxYjdiYzUwOTk0YzFhMDk2NmQ2QGdyb3VwLmNhbGVuZGFyLmdvb2dsZS5jb20&color=%23E4C441\" style=\"border:solid 1px #777\" width=\"80%\" height=\"600\" frameborder=\"0\" scrolling=\"no\"><\/iframe>\t\t\t\t<\/div>\n\t\t\t\t<\/div>\n\t\t\t\t\t<\/div>\n\t\t\t\t<\/div>\n\t\t<div class=\"elementor-element elementor-element-031c0c7 e-flex e-con-boxed e-con e-parent\" data-id=\"031c0c7\" data-element_type=\"container\">\n\t\t\t\t\t<div class=\"e-con-inner\">\n\t\t\t\t<div class=\"elementor-element elementor-element-8aa1c9d elementor-widget elementor-widget-heading\" data-id=\"8aa1c9d\" data-element_type=\"widget\" data-widget_type=\"heading.default\">\n\t\t\t\t<div class=\"elementor-widget-container\">\n\t\t\t\t\t<h2 class=\"elementor-heading-title elementor-size-default\">Alianzas Estrat\u00e9gicas<\/h2>\t\t\t\t<\/div>\n\t\t\t\t<\/div>\n\t\t\t\t\t<\/div>\n\t\t\t\t<\/div>\n\t\t<div class=\"elementor-element elementor-element-a14ee29 e-flex e-con-boxed e-con e-parent\" data-id=\"a14ee29\" data-element_type=\"container\">\n\t\t\t\t\t<div class=\"e-con-inner\">\n\t\t<div class=\"elementor-element elementor-element-5687745 e-flex e-con-boxed e-con e-child\" data-id=\"5687745\" data-element_type=\"container\">\n\t\t\t\t\t<div class=\"e-con-inner\">\n\t\t<div class=\"elementor-element elementor-element-8f754c0 e-flex e-con-boxed e-con e-child\" data-id=\"8f754c0\" data-element_type=\"container\">\n\t\t\t\t\t<div class=\"e-con-inner\">\n\t\t\t\t<div class=\"elementor-element elementor-element-903c313 elementor-widget elementor-widget-image\" data-id=\"903c313\" data-element_type=\"widget\" data-widget_type=\"image.default\">\n\t\t\t\t<div class=\"elementor-widget-container\">\n\t\t\t\t\t\t\t\t\t\t\t\t\t\t\t\t<a href=\"https:\/\/www.minedu.gob.pe\/\">\n\t\t\t\t\t\t\t<img decoding=\"async\" width=\"150\" height=\"150\" src=\"https:\/\/fya31.com\/wp-content\/uploads\/2023\/10\/256435366_189847876652772_263075167158653230_n-150x150.png\" class=\"attachment-thumbnail size-thumbnail wp-image-5554\" alt=\"\" srcset=\"https:\/\/fya31.com\/wp-content\/uploads\/2023\/10\/256435366_189847876652772_263075167158653230_n-150x150.png 150w, https:\/\/fya31.com\/wp-content\/uploads\/2023\/10\/256435366_189847876652772_263075167158653230_n-300x300.png 300w, https:\/\/fya31.com\/wp-content\/uploads\/2023\/10\/256435366_189847876652772_263075167158653230_n-768x768.png 768w, https:\/\/fya31.com\/wp-content\/uploads\/2023\/10\/256435366_189847876652772_263075167158653230_n.png 800w\" sizes=\"(max-width: 150px) 100vw, 150px\" \/>\t\t\t\t\t\t\t\t<\/a>\n\t\t\t\t\t\t\t\t\t\t\t\t\t\t\t<\/div>\n\t\t\t\t<\/div>\n\t\t\t\t\t<\/div>\n\t\t\t\t<\/div>\n\t\t<div class=\"elementor-element elementor-element-96537e6 e-flex e-con-boxed e-con e-child\" data-id=\"96537e6\" data-element_type=\"container\">\n\t\t\t\t\t<div class=\"e-con-inner\">\n\t\t\t\t<div class=\"elementor-element elementor-element-5fde2f5 elementor-widget elementor-widget-image\" data-id=\"5fde2f5\" data-element_type=\"widget\" data-widget_type=\"image.default\">\n\t\t\t\t<div class=\"elementor-widget-container\">\n\t\t\t\t\t\t\t\t\t\t\t\t\t\t\t\t<a href=\"https:\/\/www.feyalegria.org\/\">\n\t\t\t\t\t\t\t<img decoding=\"async\" width=\"150\" height=\"150\" src=\"https:\/\/fya31.com\/wp-content\/uploads\/2023\/11\/fe-y-alegria-logo-150x150.png\" class=\"attachment-thumbnail size-thumbnail wp-image-5640\" alt=\"\" \/>\t\t\t\t\t\t\t\t<\/a>\n\t\t\t\t\t\t\t\t\t\t\t\t\t\t\t<\/div>\n\t\t\t\t<\/div>\n\t\t\t\t\t<\/div>\n\t\t\t\t<\/div>\n\t\t<div class=\"elementor-element elementor-element-cb51914 e-flex e-con-boxed e-con e-child\" data-id=\"cb51914\" data-element_type=\"container\">\n\t\t\t\t\t<div class=\"e-con-inner\">\n\t\t\t\t<div class=\"elementor-element elementor-element-892ff1b elementor-widget elementor-widget-image\" data-id=\"892ff1b\" data-element_type=\"widget\" data-widget_type=\"image.default\">\n\t\t\t\t<div class=\"elementor-widget-container\">\n\t\t\t\t\t\t\t\t\t\t\t\t\t\t\t\t<a href=\"https:\/\/www.fondep.gob.pe\/\">\n\t\t\t\t\t\t\t<img loading=\"lazy\" decoding=\"async\" width=\"150\" height=\"150\" src=\"https:\/\/fya31.com\/wp-content\/uploads\/2023\/10\/R-1-150x150.jpg\" class=\"attachment-thumbnail size-thumbnail wp-image-5573\" alt=\"\" srcset=\"https:\/\/fya31.com\/wp-content\/uploads\/2023\/10\/R-1-150x150.jpg 150w, https:\/\/fya31.com\/wp-content\/uploads\/2023\/10\/R-1-300x300.jpg 300w, https:\/\/fya31.com\/wp-content\/uploads\/2023\/10\/R-1-768x768.jpg 768w, https:\/\/fya31.com\/wp-content\/uploads\/2023\/10\/R-1.jpg 900w\" sizes=\"(max-width: 150px) 100vw, 150px\" \/>\t\t\t\t\t\t\t\t<\/a>\n\t\t\t\t\t\t\t\t\t\t\t\t\t\t\t<\/div>\n\t\t\t\t<\/div>\n\t\t\t\t\t<\/div>\n\t\t\t\t<\/div>\n\t\t<div class=\"elementor-element elementor-element-9259f20 e-flex e-con-boxed e-con e-child\" data-id=\"9259f20\" data-element_type=\"container\">\n\t\t\t\t\t<div class=\"e-con-inner\">\n\t\t\t\t<div class=\"elementor-element elementor-element-063128b elementor-widget elementor-widget-image\" data-id=\"063128b\" data-element_type=\"widget\" data-widget_type=\"image.default\">\n\t\t\t\t<div class=\"elementor-widget-container\">\n\t\t\t\t\t\t\t\t\t\t\t\t\t\t\t\t<a href=\"https:\/\/www.gob.pe\/regionamazonas-dre\">\n\t\t\t\t\t\t\t<img loading=\"lazy\" decoding=\"async\" width=\"150\" height=\"150\" src=\"https:\/\/fya31.com\/wp-content\/uploads\/2023\/10\/337702367_3136134840014945_5135460781430153092_n-150x150.jpg\" class=\"attachment-thumbnail size-thumbnail wp-image-5564\" alt=\"\" srcset=\"https:\/\/fya31.com\/wp-content\/uploads\/2023\/10\/337702367_3136134840014945_5135460781430153092_n-150x150.jpg 150w, https:\/\/fya31.com\/wp-content\/uploads\/2023\/10\/337702367_3136134840014945_5135460781430153092_n-300x300.jpg 300w, https:\/\/fya31.com\/wp-content\/uploads\/2023\/10\/337702367_3136134840014945_5135460781430153092_n-1024x1024.jpg 1024w, https:\/\/fya31.com\/wp-content\/uploads\/2023\/10\/337702367_3136134840014945_5135460781430153092_n-768x768.jpg 768w, https:\/\/fya31.com\/wp-content\/uploads\/2023\/10\/337702367_3136134840014945_5135460781430153092_n-1536x1536.jpg 1536w, https:\/\/fya31.com\/wp-content\/uploads\/2023\/10\/337702367_3136134840014945_5135460781430153092_n.jpg 2048w\" sizes=\"(max-width: 150px) 100vw, 150px\" \/>\t\t\t\t\t\t\t\t<\/a>\n\t\t\t\t\t\t\t\t\t\t\t\t\t\t\t<\/div>\n\t\t\t\t<\/div>\n\t\t\t\t\t<\/div>\n\t\t\t\t<\/div>\n\t\t<div class=\"elementor-element elementor-element-574bbb8 e-flex e-con-boxed e-con e-child\" data-id=\"574bbb8\" data-element_type=\"container\">\n\t\t\t\t\t<div class=\"e-con-inner\">\n\t\t\t\t<div class=\"elementor-element elementor-element-07c6a2f elementor-widget elementor-widget-image\" data-id=\"07c6a2f\" data-element_type=\"widget\" data-widget_type=\"image.default\">\n\t\t\t\t<div class=\"elementor-widget-container\">\n\t\t\t\t\t\t\t\t\t\t\t\t\t\t\t\t<a href=\"https:\/\/www.ugelbagua303.gob.pe\/\">\n\t\t\t\t\t\t\t<img loading=\"lazy\" decoding=\"async\" width=\"150\" height=\"150\" src=\"https:\/\/fya31.com\/wp-content\/uploads\/2023\/10\/379423038_615049197466515_6933745320687361347_n-150x150.jpg\" class=\"attachment-thumbnail size-thumbnail wp-image-5568\" alt=\"\" srcset=\"https:\/\/fya31.com\/wp-content\/uploads\/2023\/10\/379423038_615049197466515_6933745320687361347_n-150x150.jpg 150w, https:\/\/fya31.com\/wp-content\/uploads\/2023\/10\/379423038_615049197466515_6933745320687361347_n-300x300.jpg 300w, https:\/\/fya31.com\/wp-content\/uploads\/2023\/10\/379423038_615049197466515_6933745320687361347_n-1024x1024.jpg 1024w, https:\/\/fya31.com\/wp-content\/uploads\/2023\/10\/379423038_615049197466515_6933745320687361347_n-768x768.jpg 768w, https:\/\/fya31.com\/wp-content\/uploads\/2023\/10\/379423038_615049197466515_6933745320687361347_n-1536x1536.jpg 1536w, https:\/\/fya31.com\/wp-content\/uploads\/2023\/10\/379423038_615049197466515_6933745320687361347_n.jpg 2039w\" sizes=\"(max-width: 150px) 100vw, 150px\" \/>\t\t\t\t\t\t\t\t<\/a>\n\t\t\t\t\t\t\t\t\t\t\t\t\t\t\t<\/div>\n\t\t\t\t<\/div>\n\t\t\t\t\t<\/div>\n\t\t\t\t<\/div>\n\t\t\t\t\t<\/div>\n\t\t\t\t<\/div>\n\t\t\t\t\t<\/div>\n\t\t\t\t<\/div>\n\t\t\t\t<\/div>\n\t\t","protected":false},"excerpt":{"rendered":"<p>Fe y Alegr\u00eda 31 Fe y Alegr\u00eda es un movimiento de educaci\u00f3n popular y promoci\u00f3n social, comprometida con la construcci\u00f3n de una sociedad justa y solidaria, desde una opci\u00f3n preferencial por las personas y comunidades m\u00e1s vulnerables, a trav\u00e9s de una propuesta educativa transformadora, integral y de calidad para la educaci\u00f3n p\u00fablica. Se fundamenta e [&hellip;]<\/p>\n","protected":false},"author":1,"featured_media":0,"parent":0,"menu_order":0,"comment_status":"closed","ping_status":"closed","template":"elementor_theme","meta":{"footnotes":""},"_links":{"self":[{"href":"https:\/\/fya31.com\/index.php\/wp-json\/wp\/v2\/pages\/5600"}],"collection":[{"href":"https:\/\/fya31.com\/index.php\/wp-json\/wp\/v2\/pages"}],"about":[{"href":"https:\/\/fya31.com\/index.php\/wp-json\/wp\/v2\/types\/page"}],"author":[{"embeddable":true,"href":"https:\/\/fya31.com\/index.php\/wp-json\/wp\/v2\/users\/1"}],"replies":[{"embeddable":true,"href":"https:\/\/fya31.com\/index.php\/wp-json\/wp\/v2\/comments?post=5600"}],"version-history":[{"count":67,"href":"https:\/\/fya31.com\/index.php\/wp-json\/wp\/v2\/pages\/5600\/revisions"}],"predecessor-version":[{"id":6278,"href":"https:\/\/fya31.com\/index.php\/wp-json\/wp\/v2\/pages\/5600\/revisions\/6278"}],"wp:attachment":[{"href":"https:\/\/fya31.com\/index.php\/wp-json\/wp\/v2\/media?parent=5600"}],"curies":[{"name":"wp","href":"https:\/\/api.w.org\/{rel}","templated":true}]}}