{"id":5819,"date":"2023-11-28T11:10:48","date_gmt":"2023-11-28T10:10:48","guid":{"rendered":"https:\/\/fya31.com\/?page_id=5819"},"modified":"2023-11-29T23:49:28","modified_gmt":"2023-11-29T22:49:28","slug":"innovacion","status":"publish","type":"page","link":"https:\/\/fya31.com\/index.php\/innovacion\/","title":{"rendered":"Innovaci\u00f3n"},"content":{"rendered":"\t\t<div data-elementor-type=\"wp-page\" data-elementor-id=\"5819\" class=\"elementor elementor-5819\" data-elementor-post-type=\"page\">\n\t\t\t\t<div class=\"elementor-element elementor-element-f173644 e-flex e-con-boxed e-con e-parent\" data-id=\"f173644\" data-element_type=\"container\">\n\t\t\t\t\t<div class=\"e-con-inner\">\n\t\t\t\t<div class=\"elementor-element elementor-element-4ceeeef elementor-widget elementor-widget-heading\" data-id=\"4ceeeef\" data-element_type=\"widget\" data-widget_type=\"heading.default\">\n\t\t\t\t<div class=\"elementor-widget-container\">\n\t\t\t\t\t<h2 class=\"elementor-heading-title elementor-size-default\">Cuna de Proyectos de Innovaci\u00f3n<\/h2>\t\t\t\t<\/div>\n\t\t\t\t<\/div>\n\t\t\t\t\t<\/div>\n\t\t\t\t<\/div>\n\t\t<div class=\"elementor-element elementor-element-ed98c08 e-flex e-con-boxed e-con e-parent\" data-id=\"ed98c08\" data-element_type=\"container\">\n\t\t\t\t\t<div class=\"e-con-inner\">\n\t\t<div class=\"elementor-element elementor-element-ea121ab e-flex e-con-boxed e-con e-child\" data-id=\"ea121ab\" data-element_type=\"container\">\n\t\t\t\t\t<div class=\"e-con-inner\">\n\t\t\t\t<div class=\"elementor-element elementor-element-4cd9cd8 elementor-widget-divider--separator-type-pattern elementor-widget-divider--view-line elementor-widget elementor-widget-divider\" data-id=\"4cd9cd8\" data-element_type=\"widget\" data-widget_type=\"divider.default\">\n\t\t\t\t<div class=\"elementor-widget-container\">\n\t\t\t\t\t\t\t<div class=\"elementor-divider\" style=\"--divider-pattern-url: url(&quot;data:image\/svg+xml,%3Csvg xmlns=&#039;http:\/\/www.w3.org\/2000\/svg&#039; preserveAspectRatio=&#039;none&#039; overflow=&#039;visible&#039; height=&#039;100%&#039; viewBox=&#039;0 0 24 24&#039; fill=&#039;none&#039; stroke=&#039;black&#039; stroke-width=&#039;3&#039; stroke-linecap=&#039;square&#039; stroke-miterlimit=&#039;10&#039;%3E%3Cpolyline points=&#039;0,6 6,6 6,18 18,18 18,6 24,6 \t&#039;\/%3E%3C\/svg%3E&quot;);\">\n\t\t\t<span class=\"elementor-divider-separator\">\n\t\t\t\t\t\t<\/span>\n\t\t<\/div>\n\t\t\t\t\t\t<\/div>\n\t\t\t\t<\/div>\n\t\t\t\t\t<\/div>\n\t\t\t\t<\/div>\n\t\t\t\t\t<\/div>\n\t\t\t\t<\/div>\n\t\t<div class=\"elementor-element elementor-element-03bdb2b e-flex e-con-boxed e-con e-parent\" data-id=\"03bdb2b\" data-element_type=\"container\">\n\t\t\t\t\t<div class=\"e-con-inner\">\n\t\t\t\t<div class=\"elementor-element elementor-element-2f32bd5 elementor-widget elementor-widget-text-editor\" data-id=\"2f32bd5\" data-element_type=\"widget\" data-widget_type=\"text-editor.default\">\n\t\t\t\t<div class=\"elementor-widget-container\">\n\t\t\t\t\t\t\t\t\t<p>Bienvenidos a nuestra plataforma de Innovaci\u00f3n Educativa en la I.E. &#8220;Nuestra Se\u00f1ora de Guadalupe&#8221; Fe y Alegr\u00eda 31. Creemos firmemente en la transformaci\u00f3n continua de la ense\u00f1anza, y es por eso que compartimos con entusiasmo los proyectos innovadores que nuestros dedicados docentes han desarrollado.<\/p>\n<p>La innovaci\u00f3n educativa es un pilar fundamental en nuestra misi\u00f3n de proporcionar una educaci\u00f3n integral y de calidad. Cada proyecto presentado en esta secci\u00f3n refleja nuestro compromiso con la excelencia pedag\u00f3gica y el impulso constante hacia metodolog\u00edas creativas que inspiren el aprendizaje.<\/p><p>Explora esta colecci\u00f3n de experiencias educativas \u00fanicas que van m\u00e1s all\u00e1 de las aulas convencionales. Estamos convencidos de que la innovaci\u00f3n no solo enriquece el proceso de aprendizaje, sino que tambi\u00e9n prepara a nuestros estudiantes para enfrentar los desaf\u00edos del futuro. \u00a1Acomp\u00e1\u00f1anos en este viaje de descubrimiento y aprendizaje transformador!<br><\/p>\t\t\t\t\t\t\t\t<\/div>\n\t\t\t\t<\/div>\n\t\t\t\t\t<\/div>\n\t\t\t\t<\/div>\n\t\t<div class=\"elementor-element elementor-element-8d53206 e-flex e-con-boxed e-con e-parent\" data-id=\"8d53206\" data-element_type=\"container\">\n\t\t\t\t\t<div class=\"e-con-inner\">\n\t\t<div class=\"elementor-element elementor-element-6698ee5 e-flex e-con-boxed e-con e-child\" data-id=\"6698ee5\" data-element_type=\"container\">\n\t\t\t\t\t<div class=\"e-con-inner\">\n\t\t\t\t<div class=\"elementor-element elementor-element-53f2ba4 elementor-widget-divider--separator-type-pattern elementor-widget-divider--view-line elementor-widget elementor-widget-divider\" data-id=\"53f2ba4\" data-element_type=\"widget\" data-widget_type=\"divider.default\">\n\t\t\t\t<div class=\"elementor-widget-container\">\n\t\t\t\t\t\t\t<div class=\"elementor-divider\" style=\"--divider-pattern-url: url(&quot;data:image\/svg+xml,%3Csvg xmlns=&#039;http:\/\/www.w3.org\/2000\/svg&#039; preserveAspectRatio=&#039;none&#039; overflow=&#039;visible&#039; height=&#039;100%&#039; viewBox=&#039;0 0 24 24&#039; fill=&#039;none&#039; stroke=&#039;black&#039; stroke-width=&#039;3&#039; stroke-linecap=&#039;square&#039; stroke-miterlimit=&#039;10&#039;%3E%3Cpolyline points=&#039;0,6 6,6 6,18 18,18 18,6 24,6 \t&#039;\/%3E%3C\/svg%3E&quot;);\">\n\t\t\t<span class=\"elementor-divider-separator\">\n\t\t\t\t\t\t<\/span>\n\t\t<\/div>\n\t\t\t\t\t\t<\/div>\n\t\t\t\t<\/div>\n\t\t\t\t\t<\/div>\n\t\t\t\t<\/div>\n\t\t\t\t\t<\/div>\n\t\t\t\t<\/div>\n\t\t<div class=\"elementor-element elementor-element-4f22c96 e-flex e-con-boxed e-con e-parent\" data-id=\"4f22c96\" data-element_type=\"container\">\n\t\t\t\t\t<div class=\"e-con-inner\">\n\t\t<div class=\"elementor-element elementor-element-b3cef91 e-con-full e-flex e-con e-child\" data-id=\"b3cef91\" data-element_type=\"container\" data-settings=\"{&quot;background_background&quot;:&quot;classic&quot;}\">\n\t\t\t\t<div class=\"elementor-element elementor-element-faa391c titleCard elementor-widget elementor-widget-heading\" data-id=\"faa391c\" data-element_type=\"widget\" data-widget_type=\"heading.default\">\n\t\t\t\t<div class=\"elementor-widget-container\">\n\t\t\t\t\t<h4 class=\"elementor-heading-title elementor-size-default\">Cultivamos el pensamiento cr\u00edtico y cient\u00edfico en estudiantes a trav\u00e9s de nuestro Parque Ecol\u00f3gico (2023)<\/h4>\t\t\t\t<\/div>\n\t\t\t\t<\/div>\n\t\t\t\t<div class=\"elementor-element elementor-element-0906a27 elementor-widget elementor-widget-image\" data-id=\"0906a27\" data-element_type=\"widget\" data-widget_type=\"image.default\">\n\t\t\t\t<div class=\"elementor-widget-container\">\n\t\t\t\t\t\t\t\t\t\t\t\t\t\t\t<img fetchpriority=\"high\" decoding=\"async\" width=\"800\" height=\"451\" src=\"https:\/\/fya31.com\/wp-content\/uploads\/2023\/11\/WhatsApp-Image-2023-11-28-at-6.01.23-AM-1024x577.jpeg\" class=\"attachment-large size-large wp-image-5865\" alt=\"\" srcset=\"https:\/\/fya31.com\/wp-content\/uploads\/2023\/11\/WhatsApp-Image-2023-11-28-at-6.01.23-AM-1024x577.jpeg 1024w, https:\/\/fya31.com\/wp-content\/uploads\/2023\/11\/WhatsApp-Image-2023-11-28-at-6.01.23-AM-300x169.jpeg 300w, https:\/\/fya31.com\/wp-content\/uploads\/2023\/11\/WhatsApp-Image-2023-11-28-at-6.01.23-AM-768x432.jpeg 768w, https:\/\/fya31.com\/wp-content\/uploads\/2023\/11\/WhatsApp-Image-2023-11-28-at-6.01.23-AM-1536x865.jpeg 1536w, https:\/\/fya31.com\/wp-content\/uploads\/2023\/11\/WhatsApp-Image-2023-11-28-at-6.01.23-AM.jpeg 1600w\" sizes=\"(max-width: 800px) 100vw, 800px\" \/>\t\t\t\t\t\t\t\t\t\t\t\t\t\t\t<\/div>\n\t\t\t\t<\/div>\n\t\t\t\t<div class=\"elementor-element elementor-element-ac02fa8 elementor-widget elementor-widget-text-editor\" data-id=\"ac02fa8\" data-element_type=\"widget\" data-widget_type=\"text-editor.default\">\n\t\t\t\t<div class=\"elementor-widget-container\">\n\t\t\t\t\t\t\t\t\t<p>Continuaci\u00f3n de la iniciativa de Biohuerto escolar de docentes de priorizadas en el a\u00f1o 2022; la cual se ampl\u00eda este a\u00f1o adicionando m\u00e1s proyectos identificados que se ajustan al objetivo inicial, fortalecer el aprendizaje de los estudiantes en la competencia Indaga&#8230;<\/p>\t\t\t\t\t\t\t\t<\/div>\n\t\t\t\t<\/div>\n\t\t\t\t<div class=\"elementor-element elementor-element-8eaf9a1 elementor-align-center elementor-widget elementor-widget-button\" data-id=\"8eaf9a1\" data-element_type=\"widget\" data-widget_type=\"button.default\">\n\t\t\t\t<div class=\"elementor-widget-container\">\n\t\t\t\t\t\t\t\t\t<div class=\"elementor-button-wrapper\">\n\t\t\t\t\t<a class=\"elementor-button elementor-button-link elementor-size-sm\" href=\"https:\/\/www.fya31.com\/index.php\/innovacion\/fondep\/\">\n\t\t\t\t\t\t<span class=\"elementor-button-content-wrapper\">\n\t\t\t\t\t\t\t\t\t<span class=\"elementor-button-text\">Leer m\u00e1s<\/span>\n\t\t\t\t\t<\/span>\n\t\t\t\t\t<\/a>\n\t\t\t\t<\/div>\n\t\t\t\t\t\t\t\t<\/div>\n\t\t\t\t<\/div>\n\t\t\t\t<\/div>\n\t\t<div class=\"elementor-element elementor-element-6fc6db2 e-con-full e-flex e-con e-child\" data-id=\"6fc6db2\" data-element_type=\"container\" data-settings=\"{&quot;background_background&quot;:&quot;classic&quot;}\">\n\t\t\t\t<div class=\"elementor-element elementor-element-6e5bda7 titleCard elementor-widget elementor-widget-heading\" data-id=\"6e5bda7\" data-element_type=\"widget\" data-widget_type=\"heading.default\">\n\t\t\t\t<div class=\"elementor-widget-container\">\n\t\t\t\t\t<h4 class=\"elementor-heading-title elementor-size-default\">Creando juntos y fomentando la lectura con Inteligencia Artificial (2023)<\/h4>\t\t\t\t<\/div>\n\t\t\t\t<\/div>\n\t\t\t\t<div class=\"elementor-element elementor-element-a7ed4d4 elementor-widget elementor-widget-image\" data-id=\"a7ed4d4\" data-element_type=\"widget\" data-widget_type=\"image.default\">\n\t\t\t\t<div class=\"elementor-widget-container\">\n\t\t\t\t\t\t\t\t\t\t\t\t\t\t\t<img decoding=\"async\" width=\"800\" height=\"450\" src=\"https:\/\/fya31.com\/wp-content\/uploads\/2023\/11\/ia-lectura-1024x576.jpg\" class=\"attachment-large size-large wp-image-5881\" alt=\"\" srcset=\"https:\/\/fya31.com\/wp-content\/uploads\/2023\/11\/ia-lectura-1024x576.jpg 1024w, https:\/\/fya31.com\/wp-content\/uploads\/2023\/11\/ia-lectura-300x169.jpg 300w, https:\/\/fya31.com\/wp-content\/uploads\/2023\/11\/ia-lectura-768x432.jpg 768w, https:\/\/fya31.com\/wp-content\/uploads\/2023\/11\/ia-lectura.jpg 1170w\" sizes=\"(max-width: 800px) 100vw, 800px\" \/>\t\t\t\t\t\t\t\t\t\t\t\t\t\t\t<\/div>\n\t\t\t\t<\/div>\n\t\t\t\t<div class=\"elementor-element elementor-element-6331fd5 elementor-widget elementor-widget-text-editor\" data-id=\"6331fd5\" data-element_type=\"widget\" data-widget_type=\"text-editor.default\">\n\t\t\t\t<div class=\"elementor-widget-container\">\n\t\t\t\t\t\t\t\t\t<p>El objetivo de nuestro proyecto es mejorar la competencia \u201cLee diversos tipos de textos en su lengua materna\u201d a trav\u00e9s de la creaci\u00f3n de textos e im\u00e1genes personalizadas con inteligencia artificial, que resulten atractivos y novedosos a los estudiantes del 1\u00b0 a 6\u00b0 de primaria&#8230;<\/p>\t\t\t\t\t\t\t\t<\/div>\n\t\t\t\t<\/div>\n\t\t\t\t<div class=\"elementor-element elementor-element-e66e344 elementor-align-center elementor-widget elementor-widget-button\" data-id=\"e66e344\" data-element_type=\"widget\" data-widget_type=\"button.default\">\n\t\t\t\t<div class=\"elementor-widget-container\">\n\t\t\t\t\t\t\t\t\t<div class=\"elementor-button-wrapper\">\n\t\t\t\t\t<a class=\"elementor-button elementor-button-link elementor-size-sm\" href=\"https:\/\/www.fya31.com\/index.php\/innovacion\/lecturaia\/\">\n\t\t\t\t\t\t<span class=\"elementor-button-content-wrapper\">\n\t\t\t\t\t\t\t\t\t<span class=\"elementor-button-text\">Leer m\u00e1s<\/span>\n\t\t\t\t\t<\/span>\n\t\t\t\t\t<\/a>\n\t\t\t\t<\/div>\n\t\t\t\t\t\t\t\t<\/div>\n\t\t\t\t<\/div>\n\t\t\t\t<\/div>\n\t\t<div class=\"elementor-element elementor-element-792be9d e-con-full e-flex e-con e-child\" data-id=\"792be9d\" data-element_type=\"container\" data-settings=\"{&quot;background_background&quot;:&quot;classic&quot;}\">\n\t\t\t\t<div class=\"elementor-element elementor-element-e634520 titleCard elementor-widget elementor-widget-heading\" data-id=\"e634520\" data-element_type=\"widget\" data-widget_type=\"heading.default\">\n\t\t\t\t<div class=\"elementor-widget-container\">\n\t\t\t\t\t<h4 class=\"elementor-heading-title elementor-size-default\">Utilizamos recursos digitales de Google Workspace para investigar problem\u00e1ticas de la comunidad educativa y la localidad pequina (2022)<\/h4>\t\t\t\t<\/div>\n\t\t\t\t<\/div>\n\t\t\t\t<div class=\"elementor-element elementor-element-fcaeb0c elementor-widget elementor-widget-image\" data-id=\"fcaeb0c\" data-element_type=\"widget\" data-widget_type=\"image.default\">\n\t\t\t\t<div class=\"elementor-widget-container\">\n\t\t\t\t\t\t\t\t\t\t\t\t\t\t\t<img decoding=\"async\" width=\"800\" height=\"450\" src=\"https:\/\/fya31.com\/wp-content\/uploads\/2023\/11\/3-e1701216239913.jpg\" class=\"attachment-large size-large wp-image-5893\" alt=\"\" srcset=\"https:\/\/fya31.com\/wp-content\/uploads\/2023\/11\/3-e1701216239913.jpg 1000w, https:\/\/fya31.com\/wp-content\/uploads\/2023\/11\/3-e1701216239913-300x169.jpg 300w, https:\/\/fya31.com\/wp-content\/uploads\/2023\/11\/3-e1701216239913-768x432.jpg 768w\" sizes=\"(max-width: 800px) 100vw, 800px\" \/>\t\t\t\t\t\t\t\t\t\t\t\t\t\t\t<\/div>\n\t\t\t\t<\/div>\n\t\t\t\t<div class=\"elementor-element elementor-element-d9ea1d8 elementor-widget elementor-widget-text-editor\" data-id=\"d9ea1d8\" data-element_type=\"widget\" data-widget_type=\"text-editor.default\">\n\t\t\t\t<div class=\"elementor-widget-container\">\n\t\t\t\t\t\t\t\t\t<p>Enfocado en proponer una metodolog\u00eda de ense\u00f1anza de las\u00a0Matem\u00e1ticas, basada en la investigaci\u00f3n y el uso de la plataforma educativa de Google, para\u00a0mejorar los aprendizajes en las competencias Resuelve Problemas de Gesti\u00f3n de Datos e\u00a0Incertidumbre &#8230;<\/p>\t\t\t\t\t\t\t\t<\/div>\n\t\t\t\t<\/div>\n\t\t\t\t<div class=\"elementor-element elementor-element-ebe1bf9 elementor-align-center elementor-widget elementor-widget-button\" data-id=\"ebe1bf9\" data-element_type=\"widget\" data-widget_type=\"button.default\">\n\t\t\t\t<div class=\"elementor-widget-container\">\n\t\t\t\t\t\t\t\t\t<div class=\"elementor-button-wrapper\">\n\t\t\t\t\t<a class=\"elementor-button elementor-button-link elementor-size-sm\" href=\"https:\/\/www.fya31.com\/index.php\/innovacion\/invgoogleworkspace\/\">\n\t\t\t\t\t\t<span class=\"elementor-button-content-wrapper\">\n\t\t\t\t\t\t\t\t\t<span class=\"elementor-button-text\">Leer m\u00e1s<\/span>\n\t\t\t\t\t<\/span>\n\t\t\t\t\t<\/a>\n\t\t\t\t<\/div>\n\t\t\t\t\t\t\t\t<\/div>\n\t\t\t\t<\/div>\n\t\t\t\t<\/div>\n\t\t\t\t\t<\/div>\n\t\t\t\t<\/div>\n\t\t\t\t<\/div>\n\t\t","protected":false},"excerpt":{"rendered":"<p>Cuna de Proyectos de Innovaci\u00f3n Bienvenidos a nuestra plataforma de Innovaci\u00f3n Educativa en la I.E. &#8220;Nuestra Se\u00f1ora de Guadalupe&#8221; Fe y Alegr\u00eda 31. Creemos firmemente en la transformaci\u00f3n continua de la ense\u00f1anza, y es por eso que compartimos con entusiasmo los proyectos innovadores que nuestros dedicados docentes han desarrollado. La innovaci\u00f3n educativa es un pilar [&hellip;]<\/p>\n","protected":false},"author":1,"featured_media":0,"parent":0,"menu_order":0,"comment_status":"closed","ping_status":"closed","template":"","meta":{"footnotes":""},"_links":{"self":[{"href":"https:\/\/fya31.com\/index.php\/wp-json\/wp\/v2\/pages\/5819"}],"collection":[{"href":"https:\/\/fya31.com\/index.php\/wp-json\/wp\/v2\/pages"}],"about":[{"href":"https:\/\/fya31.com\/index.php\/wp-json\/wp\/v2\/types\/page"}],"author":[{"embeddable":true,"href":"https:\/\/fya31.com\/index.php\/wp-json\/wp\/v2\/users\/1"}],"replies":[{"embeddable":true,"href":"https:\/\/fya31.com\/index.php\/wp-json\/wp\/v2\/comments?post=5819"}],"version-history":[{"count":71,"href":"https:\/\/fya31.com\/index.php\/wp-json\/wp\/v2\/pages\/5819\/revisions"}],"predecessor-version":[{"id":5987,"href":"https:\/\/fya31.com\/index.php\/wp-json\/wp\/v2\/pages\/5819\/revisions\/5987"}],"wp:attachment":[{"href":"https:\/\/fya31.com\/index.php\/wp-json\/wp\/v2\/media?parent=5819"}],"curies":[{"name":"wp","href":"https:\/\/api.w.org\/{rel}","templated":true}]}}